{"id":75267,"date":"2019-05-07T12:54:34","date_gmt":"2019-05-07T10:54:34","guid":{"rendered":"https:\/\/blejkan.de\/renowacja-wykladzina-z-rur-scisle-pasowanych-compact-slimliner\/"},"modified":"2020-01-10T12:57:28","modified_gmt":"2020-01-10T11:57:28","slug":"renowacja-wykladzina-z-rur-scisle-pasowanych-compact-slimliner","status":"publish","type":"page","link":"https:\/\/www.blejkan.de\/en\/renowacja-wykladzina-z-rur-scisle-pasowanych-compact-slimliner\/","title":{"rendered":"Renowacja wyk\u0142adzin\u0105 z rur \u015bcisle pasowanych Compact Slimliner"},"content":{"rendered":"<div class=\"wpb-content-wrapper\"><p>[vc_row row_height_percent=&#8221;0&#8243; overlay_alpha=&#8221;50&#8243; gutter_size=&#8221;3&#8243; column_width_percent=&#8221;100&#8243; border_color=&#8221;accent&#8221; border_style=&#8221;solid&#8221; shift_y=&#8221;0&#8243; z_index=&#8221;0&#8243; css=&#8221;.vc_custom_1548944632644{border-top-width: 12px !important;}&#8221;][vc_column width=&#8221;1\/1&#8243;][vc_custom_heading heading_semantic=&#8221;h3&#8243; text_size=&#8221;h3&#8243; text_weight=&#8221;300&#8243; subheading=&#8221;in accordance with PN-EN 752-2; 752-5, 13689; PN-EN ISO 11296-1 i 11296-3.&#8221;]OPIS TECHNICZNY METODY RENOWACJI WYK\u0141ADZIN\u0104 Z RUR \u015aCI\u015aLE PASOWANYCH COMPACT SLIMLINER[\/vc_custom_heading][vc_separator sep_color=&#8221;color-gyho&#8221;][\/vc_column][\/vc_row][vc_row][vc_column width=&#8221;1\/2&#8243;][vc_custom_heading heading_semantic=&#8221;h3&#8243; text_size=&#8221;h3&#8243;]MATERIA\u0141[\/vc_custom_heading][vc_column_text]W metodzie Compact Slimliner do renowacji rur wodoci\u0105gowych wyk\u0142adzin\u0105 z rur \u015bci\u015ble pasowanych stosujemy cienko\u015bcienne rury polietylenowe o przekroju zredukowanym fabrycznie. Rura Compact Slimliner jest wyk\u0142adzin\u0105 interaktywn\u0105, kt\u00f3ra jako element konstrukcyjny wykorzystuje ruroci\u0105g poddawany renowacji.[\/vc_column_text][vc_custom_heading heading_semantic=&#8221;h3&#8243; text_size=&#8221;h3&#8243;]URZ\u0104DZENIA DO INSTALACJI WYK\u0141ADZINY[\/vc_custom_heading][uncode_list icon=&#8221;fa fa-check&#8221;]<\/p>\n<ul>\n<li>urz\u0105dzenie do czyszczenia (samoch\u00f3d ci\u015bnieniowy, skrobaki)<\/li>\n<li>zdalnie sterowana kamera do inspekcji<\/li>\n<li>zdalnie sterowane urz\u0105dzenie do frezowania<\/li>\n<li>rolki prowadz\u0105ce<\/li>\n<li>urz\u0105dzenie wci\u0105gaj\u0105ce (wci\u0105garka)<\/li>\n<li>urz\u0105dzenia do by-passu (pompy, w\u0119\u017ce)<\/li>\n<li>ekspander (do kalibracji \u015brednicy wyk\u0142adziny)<\/li>\n<li>urz\u0105dzenia do pr\u00f3b<\/li>\n<\/ul>\n<p>[\/uncode_list][vc_custom_heading heading_semantic=&#8221;h3&#8243; text_size=&#8221;h3&#8243;]PRZYGOTOWANIE DO INSTALACJI[\/vc_custom_heading][vc_column_text]Przed przyst\u0105pieniem do procesu renowacji, konieczne jest (je\u015bli takie s\u0105 wymogi) wybudowanie odpowiednich by-pass\u00f3w maj\u0105cych na celu zapewnienie dostawy medium. Po wy\u0142\u0105czeniu z eksploatacji danego odcinka ruroci\u0105gu, przyst\u0119pujemy do jego wyczyszczenia i przeprowadzenia inspekcji zdalnie sterowan\u0105 kamer\u0105. Analiza filmu video (lub DVD) jest podstaw\u0105 do sporz\u0105dzenia szczeg\u00f3\u0142owego raportu komputerowego o stanie technicznym ruroci\u0105gu[\/vc_column_text][\/vc_column][vc_column width=&#8221;1\/2&#8243;][vc_custom_heading heading_semantic=&#8221;h3&#8243; text_size=&#8221;h3&#8243;]INSTALACJA[\/vc_custom_heading][vc_column_text]Do wn\u0119trza ruroci\u0105gu wci\u0105gni\u0119ta zostaje lina poci\u0105gowa. Do ko\u0144c\u00f3wki liny podczepiamy g\u0142owic\u0119 prowadz\u0105c\u0105 (za po\u015brednictwem kr\u0119tlika), dogrzan\u0105 uprzednio z wykorzystaniem p\u0142yty przej\u015bciowej z PE-HD, do rury Compact Pipe. Po wci\u0105gni\u0119ciu ca\u0142ego odcinka rury odwijanej z b\u0119bna transportowego, nast\u0119puje odci\u0119cie rury i zabezpieczenie miejsca odci\u0119cia przez dogrzanie p\u0142yty przej\u015bciowej umo\u017cliwiaj\u0105cej pod\u0142\u0105czenie g\u0142owicy procesowej. Do g\u0142owicy zostaj\u0105 podpi\u0119te w\u0119\u017ce pary wodnej i spr\u0119\u017conego powietrza. Po uzbrojeniu wyk\u0142adziny w czujniki temperatury i ci\u015bnienia oraz zamontowaniu na ko\u0144c\u00f3wce separatora para\/kondensat, nast\u0119puje rozpocz\u0119cie w\u0142a\u015bciwego procesu instalacji. Doprowadzamy wyk\u0142adzin\u0119 Compact Pipe do w\u0142a\u015bciwej elastyczno\u015bci (poprzez odpowiednio d\u0142ugi proces nagrzewania par\u0105 wodn\u0105), a nast\u0119pnie wt\u0142aczamy pod odpowiednim ci\u015bnieniem spr\u0119\u017cone powietrze, kt\u00f3re ma za zadanie wywo\u0142anie efektu ciasnegopasowania poprzez doci\u015bni\u0119cie rury do \u015bcianek starego ruroci\u0105gu oraz sch\u0142odzenie uplastycznionej wyk\u0142adziny Compact Pipe.<br \/>\nPo zako\u0144czeniu procesu instalacji, g\u0142owica prowadz\u0105ca jak i p\u0142yta przej\u015bciowa zostaj\u0105 odci\u0119te. Bose ko\u0144ce wyk\u0142adziny Compact Pipe zostaj\u0105 odpowiednio skalibrowane poprzez zastosowanie ekspandera hydraulicznego oraz wyposa\u017cone w tuleje wzmacniaj\u0105ce i po\u0142\u0105czone przy u\u017cyciu mufy elektrooporowej z odpowiedni\u0105 kszta\u0142tk\u0105 przej\u015bciow\u0105 lub innym odcinkiem wyk\u0142adziny Compact Pipe.[\/vc_column_text][vc_custom_heading heading_semantic=&#8221;h3&#8243; text_size=&#8221;h3&#8243;]KONTROLA[\/vc_custom_heading][vc_column_text]<strong>INSPEKCJA TV<\/strong><\/p>\n<p>Po instalacji i otwarciu przy\u0142\u0105czy, wykonywana jest inspekcja TV odbiorowa z zapisem na DVD lub na innych no\u015bnikach pami\u0119ci. Jednocze\u015bnie sporz\u0105dzany jest raport z inspekcji.<\/p>\n<p><strong>TESTY<\/strong><\/p>\n<p>Zgodnie z PN-EN ISO 11296-1, 11296-3.[\/vc_column_text][\/vc_column][\/vc_row][vc_row][vc_column width=&#8221;1\/1&#8243;][vc_separator sep_color=&#8221;color-gyho&#8221;][vc_custom_heading sub_lead=&#8221;yes&#8221; subheading=&#8221;Zakres \u015brednic: DN75 \u2013 DN300Sieci przemys\u0142owe, wodoci\u0105gowe, kanalizacyjne ci\u015bnieniowe.&#8221;]ZASTOSOWANIE[\/vc_custom_heading][vc_separator sep_color=&#8221;color-gyho&#8221;][vc_custom_heading heading_semantic=&#8221;h3&#8243; text_size=&#8221;h3&#8243;]USUWANIE USTEREK[\/vc_custom_heading][vc_column_text]Usterki usuwane s\u0105 za pomoc\u0105 robota pod kontrol\u0105 kamery lub\/i poprzez wklejanie kr\u00f3tkich przewod\u00f3w rurowych.<br \/>\n[\/vc_column_text][\/vc_column][\/vc_row][vc_row][vc_column width=&#8221;1\/1&#8243;][uncode_block id=&#8221;74944&#8243;][\/vc_column][\/vc_row]<\/p>\n<\/div>","protected":false},"excerpt":{"rendered":"<p>[vc_row row_height_percent=&#8221;0&#8243; overlay_alpha=&#8221;50&#8243; gutter_size=&#8221;3&#8243; column_width_percent=&#8221;100&#8243; border_color=&#8221;accent&#8221; border_style=&#8221;solid&#8221; shift_y=&#8221;0&#8243; z_index=&#8221;0&#8243; css=&#8221;.vc_custom_1548944632644{border-top-width: 12px !important;}&#8221;][vc_column width=&#8221;1\/1&#8243;][vc_custom_heading heading_semantic=&#8221;h3&#8243; text_size=&#8221;h3&#8243; text_weight=&#8221;300&#8243; subheading=&#8221;in accordance with PN-EN [&hellip;]<\/p>\n","protected":false},"author":1,"featured_media":0,"parent":0,"menu_order":0,"comment_status":"closed","ping_status":"closed","template":"","meta":{"_monsterinsights_skip_tracking":false,"_monsterinsights_sitenote_active":false,"_monsterinsights_sitenote_note":"","_monsterinsights_sitenote_category":0,"footnotes":""},"class_list":["post-75267","page","type-page","status-publish","hentry"],"aioseo_notices":[],"_links":{"self":[{"href":"https:\/\/www.blejkan.de\/en\/wp-json\/wp\/v2\/pages\/75267","targetHints":{"allow":["GET"]}}],"collection":[{"href":"https:\/\/www.blejkan.de\/en\/wp-json\/wp\/v2\/pages"}],"about":[{"href":"https:\/\/www.blejkan.de\/en\/wp-json\/wp\/v2\/types\/page"}],"author":[{"embeddable":true,"href":"https:\/\/www.blejkan.de\/en\/wp-json\/wp\/v2\/users\/1"}],"replies":[{"embeddable":true,"href":"https:\/\/www.blejkan.de\/en\/wp-json\/wp\/v2\/comments?post=75267"}],"version-history":[{"count":0,"href":"https:\/\/www.blejkan.de\/en\/wp-json\/wp\/v2\/pages\/75267\/revisions"}],"wp:attachment":[{"href":"https:\/\/www.blejkan.de\/en\/wp-json\/wp\/v2\/media?parent=75267"}],"curies":[{"name":"wp","href":"https:\/\/api.w.org\/{rel}","templated":true}]}}