{"id":75193,"date":"2019-05-07T11:54:42","date_gmt":"2019-05-07T09:54:42","guid":{"rendered":"https:\/\/blejkan.de\/our-technologies\/"},"modified":"2019-05-07T11:54:44","modified_gmt":"2019-05-07T09:54:44","slug":"our-technologies","status":"publish","type":"page","link":"https:\/\/www.blejkan.de\/en\/our-technologies\/","title":{"rendered":"OUR TECHNOLOGIES"},"content":{"rendered":"<div class=\"wpb-content-wrapper\"><p>[vc_row row_height_percent=&#8221;0&#8243; override_padding=&#8221;yes&#8221; h_padding=&#8221;2&#8243; top_padding=&#8221;4&#8243; bottom_padding=&#8221;3&#8243; back_color=&#8221;color-157743&#8243; overlay_alpha=&#8221;50&#8243; gutter_size=&#8221;3&#8243; column_width_percent=&#8221;100&#8243; border_color=&#8221;accent&#8221; border_style=&#8221;solid&#8221; shift_y=&#8221;0&#8243; z_index=&#8221;0&#8243; css=&#8221;.vc_custom_1538135154493{border-top-width: 16px !important;}&#8221;][vc_column column_width_percent=&#8221;100&#8243; overlay_alpha=&#8221;50&#8243; gutter_size=&#8221;3&#8243; medium_width=&#8221;0&#8243; mobile_width=&#8221;0&#8243; shift_x=&#8221;0&#8243; shift_y=&#8221;0&#8243; shift_y_down=&#8221;0&#8243; z_index=&#8221;0&#8243; width=&#8221;1\/1&#8243;][vc_row_inner row_inner_height_percent=&#8221;0&#8243; overlay_alpha=&#8221;50&#8243; gutter_size=&#8221;4&#8243; shift_y=&#8221;0&#8243;][vc_column_inner column_width_percent=&#8221;100&#8243; gutter_size=&#8221;4&#8243; overlay_alpha=&#8221;50&#8243; medium_width=&#8221;0&#8243; mobile_width=&#8221;0&#8243; shift_x=&#8221;0&#8243; shift_y=&#8221;0&#8243; shift_y_down=&#8221;0&#8243; z_index=&#8221;0&#8243; sticky=&#8221;yes&#8221; width=&#8221;1\/3&#8243;][vc_separator sep_color=&#8221;accent&#8221;][vc_custom_heading text_size=&#8221;h1&#8243; text_weight=&#8221;300&#8243; text_color=&#8221;accent&#8221;]Technologie bezwykopowe s\u0105 od lat w centrum naszego zainteresowania[\/vc_custom_heading][\/vc_column_inner][vc_column_inner column_width_percent=&#8221;100&#8243; gutter_size=&#8221;3&#8243; overlay_alpha=&#8221;50&#8243; medium_width=&#8221;0&#8243; mobile_width=&#8221;0&#8243; shift_x=&#8221;0&#8243; shift_y=&#8221;0&#8243; shift_y_down=&#8221;0&#8243; z_index=&#8221;0&#8243; width=&#8221;2\/3&#8243;][vc_separator sep_color=&#8221;color-uydo&#8221;][vc_empty_space empty_h=&#8221;2&#8243; medium_visibility=&#8221;yes&#8221; mobile_visibility=&#8221;yes&#8221;][vc_column_text]Ich atuty s\u0105 nie do przecenienia. Nie tylko redukuj\u0105 do minimum konieczno\u015b\u0107 wykonywania rob\u00f3t ziemnych, w tym niszczenia nawierzchni ulicznych i ich odtwarzania, ale tak\u017ce ograniczaj\u0105 ryzyko ich uszkodze\u0144 czy osiadania. Stosowanie metod no-dig nie wymaga realizowania rob\u00f3t odwodnieniowych i nie wi\u0105\u017ce si\u0119 z zanieczyszczaniem w\u00f3d gruntowych. Ponadto przynosi spore oszcz\u0119dno\u015bci \u2013 i to zar\u00f3wno finansowe, zwi\u0105zane z ograniczeniem transportu, jak i \u015brodowiskowe \u2013 pozwalaj\u0105 bowiem ograniczy\u0107 ilo\u015b\u0107 wytwarzanych spalin, ha\u0142asu, kurzu i innych zanieczyszcze\u0144. Jednocze\u015bnie dzi\u0119ki ich zastosowaniu eliminujemy ryzyko uszkodze\u0144 s\u0105siednich budynk\u00f3w, sieci lub kabli znajduj\u0105cych si\u0119 w pobli\u017cu planowanych wykop\u00f3w. Niepodwa\u017caln\u0105 zalet\u0105 stosowania metod bezwykopowych jest ograniczenie do minimum uci\u0105\u017cliwo\u015bci komunikacyjnych zwi\u0105zanych z robotami.[\/vc_column_text][\/vc_column_inner][\/vc_row_inner][vc_empty_space empty_h=&#8221;2&#8243;][\/vc_column][\/vc_row][vc_row row_height_percent=&#8221;70&#8243; back_image=&#8221;73312&#8243; back_position=&#8221;center center&#8221; overlay_color=&#8221;accent&#8221; overlay_alpha=&#8221;30&#8243; gutter_size=&#8221;3&#8243; column_width_percent=&#8221;100&#8243; shift_y=&#8221;0&#8243; z_index=&#8221;0&#8243; row_height_pixel=&#8221;360&#8243;][vc_column column_width_percent=&#8221;100&#8243; position_vertical=&#8221;middle&#8221; style=&#8221;dark&#8221; overlay_alpha=&#8221;50&#8243; gutter_size=&#8221;3&#8243; medium_width=&#8221;0&#8243; mobile_width=&#8221;0&#8243; shift_x=&#8221;0&#8243; shift_y=&#8221;0&#8243; shift_y_down=&#8221;0&#8243; z_index=&#8221;0&#8243; width=&#8221;5\/12&#8243;][\/vc_column][vc_column column_width_percent=&#8221;100&#8243; position_vertical=&#8221;middle&#8221; style=&#8221;dark&#8221; overlay_alpha=&#8221;50&#8243; gutter_size=&#8221;3&#8243; medium_width=&#8221;0&#8243; mobile_width=&#8221;0&#8243; shift_x=&#8221;0&#8243; shift_y=&#8221;0&#8243; shift_y_down=&#8221;0&#8243; z_index=&#8221;0&#8243; width=&#8221;7\/12&#8243;][vc_custom_heading text_size=&#8221;bigtext&#8221; text_weight=&#8221;300&#8243; separator=&#8221;yes&#8221; sub_lead=&#8221;yes&#8221; sub_reduced=&#8221;yes&#8221; subheading=&#8221;DO OPRACOWANIA&#8221;]W ramach naszej dzia\u0142alno\u015bci stosujemy nast\u0119puj\u0105ce technologie:[\/vc_custom_heading][\/vc_column][\/vc_row][vc_row][vc_column width=&#8221;1\/1&#8243;][vc_custom_heading heading_semantic=&#8221;h3&#8243; text_weight=&#8221;300&#8243;]Wybrane realizacje[\/vc_custom_heading][uncode_index el_id=&#8221;index-115561&#8243; loop=&#8221;size:3|order_by:date|post_type:portfolio&#8221; gutter_size=&#8221;3&#8243; portfolio_items=&#8221;media|featured|onpost|original,category,title,text|excerpt|60,date,link|link&#8221; screen_lg=&#8221;1000&#8243; screen_md=&#8221;600&#8243; screen_sm=&#8221;480&#8243; images_size=&#8221;sixteen-nine&#8221; single_overlay_opacity=&#8221;50&#8243; single_padding=&#8221;0&#8243; single_title_dimension=&#8221;h4&#8243; single_title_semantic=&#8221;h4&#8243; single_title_weight=&#8221;300&#8243; title=&#8221;Wybrane realizacje&#8221;][vc_button radius=&#8221;btn-circle&#8221; border_animation=&#8221;btn-ripple-out&#8221; border_width=&#8221;0&#8243; link=&#8221;url:http%3A%2F%2Fnew.blejkan.pl%2Fnasze-realizacje%2F|||&#8221;]Zobacz wszystkie nasze realizacje[\/vc_button][\/vc_column][\/vc_row]<\/p>\n<\/div>","protected":false},"excerpt":{"rendered":"<p>[vc_row row_height_percent=&#8221;0&#8243; override_padding=&#8221;yes&#8221; h_padding=&#8221;2&#8243; top_padding=&#8221;4&#8243; bottom_padding=&#8221;3&#8243; back_color=&#8221;color-157743&#8243; overlay_alpha=&#8221;50&#8243; gutter_size=&#8221;3&#8243; column_width_percent=&#8221;100&#8243; border_color=&#8221;accent&#8221; border_style=&#8221;solid&#8221; shift_y=&#8221;0&#8243; z_index=&#8221;0&#8243; css=&#8221;.vc_custom_1538135154493{border-top-width: 16px !important;}&#8221;][vc_column column_width_percent=&#8221;100&#8243; overlay_alpha=&#8221;50&#8243; gutter_size=&#8221;3&#8243; [&hellip;]<\/p>\n","protected":false},"author":1,"featured_media":0,"parent":0,"menu_order":0,"comment_status":"closed","ping_status":"closed","template":"","meta":{"_monsterinsights_skip_tracking":false,"_monsterinsights_sitenote_active":false,"_monsterinsights_sitenote_note":"","_monsterinsights_sitenote_category":0,"footnotes":""},"class_list":["post-75193","page","type-page","status-publish","hentry"],"aioseo_notices":[],"_links":{"self":[{"href":"https:\/\/www.blejkan.de\/en\/wp-json\/wp\/v2\/pages\/75193","targetHints":{"allow":["GET"]}}],"collection":[{"href":"https:\/\/www.blejkan.de\/en\/wp-json\/wp\/v2\/pages"}],"about":[{"href":"https:\/\/www.blejkan.de\/en\/wp-json\/wp\/v2\/types\/page"}],"author":[{"embeddable":true,"href":"https:\/\/www.blejkan.de\/en\/wp-json\/wp\/v2\/users\/1"}],"replies":[{"embeddable":true,"href":"https:\/\/www.blejkan.de\/en\/wp-json\/wp\/v2\/comments?post=75193"}],"version-history":[{"count":0,"href":"https:\/\/www.blejkan.de\/en\/wp-json\/wp\/v2\/pages\/75193\/revisions"}],"wp:attachment":[{"href":"https:\/\/www.blejkan.de\/en\/wp-json\/wp\/v2\/media?parent=75193"}],"curies":[{"name":"wp","href":"https:\/\/api.w.org\/{rel}","templated":true}]}}